{"id":736,"date":"2023-08-29T11:05:56","date_gmt":"2023-08-29T09:05:56","guid":{"rendered":"http:\/\/stasziczawiercie.pl\/?page_id=736"},"modified":"2023-08-29T11:05:56","modified_gmt":"2023-08-29T09:05:56","slug":"slaskie-zawodowcy","status":"publish","type":"page","link":"http:\/\/stasziczawiercie.pl\/?page_id=736","title":{"rendered":"\u015al\u0105skie.Zawodowcy"},"content":{"rendered":"\n<h2 style=\"text-align: center;\"><b>Informacje og\u00f3lne<\/b><\/h2>\n<ul>\n \t<li><b>Podmioty zaanga\u017cowane w realizacj\u0119 projektu<\/b><\/li>\n \t<li><b>Lider projektu \u2013 <\/b>Urz\u0105d Marsza\u0142kowski<\/li>\n \t<li><b>Partnerzy<\/b> \u2013 KSSE S.A.; RIG, Izba Rzemie\u015blnicza oraz Ma\u0142ej i \u015aredniej Przedsi\u0119biorczo\u015bci<\/li>\n \t<li><b>Cel og\u00f3lny <\/b>\u2013 Podniesienie jako\u015bci kszta\u0142cenia zawodowego i dostosowanie go do potrzeb\nrynku pracy oraz zapewnienie uczniom najwy\u017cszych standard\u00f3w\nkszta\u0142cenia zawodowego.<\/li>\n \t<li><b>Liczba uczni\u00f3w obj\u0119tym projektem <\/b>\u2013 \u0142\u0105cznie 1998 os\u00f3b, w tym <b>przez KSSE &#8211; 1190 <\/b><\/li>\n \t<li><b>Okres realizacji <\/b>\u2013 Do 31.12. 2022<\/li>\n<\/ul>\n<h2 style=\"text-align: center;\"><b><i>\u015al\u0105skie.Zawodowcy\u00a0 <\/i><\/b><b>&#8211; rodzaje wsparcia dla uczni\u00f3w<\/b><\/h2>\n<ul>\n \t<li>Doradztwo edukacyjno \u2013 zawodowe maj\u0105ce na celu badanie poziomu kompetencji\nUczestnik\u00f3w Projektu z wypracowaniem Indywidualnego Planu Dzia\u0142ania (IPD)<\/li>\n \t<li>Sta\u017ce zawodowe z mo\u017cliwo\u015bci\u0105 wyp\u0142aty stypendi\u00f3w sta\u017cowych<\/li>\n \t<li>Kursy\/szkolenia specjalistyczne<\/li>\n \t<li>Kursy\/szkolenia podnosz\u0105ce kompetencje mi\u0119kkie b\u0105d\u017a kompetencje j\u0119zyka obcego\nzawodowego<\/li>\n<\/ul>\n<embed src=\"http:\/\/stasziczawiercie.pl\/wp-content\/uploads\/2020\/01\/KSSE_\u015al\u0105skie.Zawodowcy.pdf\" width=\"100%\" height=\"800\"><\/embed>\n<embed src=\"http:\/\/stasziczawiercie.pl\/wp-content\/uploads\/2020\/01\/Regulamin-uczestnictwa-uczni\u00f3w-w-projekcie-2.pdf\" width=\"100%\" height=\"800\"><\/embed>\n\n\n\n<div class=\"wp-block-file\"><a id=\"wp-block-file--media-703d046b-dde8-4a9b-926d-ff4453a22c2e\" href=\"http:\/\/stasziczawiercie.pl\/wp-content\/uploads\/2023\/08\/Ogloszenie-naborowe.docx\">Ogloszenie-naborowe<\/a><a href=\"http:\/\/stasziczawiercie.pl\/wp-content\/uploads\/2023\/08\/Ogloszenie-naborowe.docx\" class=\"wp-block-file__button wp-element-button\" download aria-describedby=\"wp-block-file--media-703d046b-dde8-4a9b-926d-ff4453a22c2e\">Pobierz<\/a><\/div>\n\n\n\n<div class=\"wp-block-file\"><a id=\"wp-block-file--media-f3355741-00cc-46af-b495-3e0b36d7c967\" href=\"http:\/\/stasziczawiercie.pl\/wp-content\/uploads\/2023\/08\/Protokol-rekrutacyjny-Slaskie.Zawodowcy-staze-MONO.docx\">Protokol-rekrutacyjny-Slaskie.Zawodowcy-staze-MONO<\/a><a href=\"http:\/\/stasziczawiercie.pl\/wp-content\/uploads\/2023\/08\/Protokol-rekrutacyjny-Slaskie.Zawodowcy-staze-MONO.docx\" class=\"wp-block-file__button wp-element-button\" download aria-describedby=\"wp-block-file--media-f3355741-00cc-46af-b495-3e0b36d7c967\">Pobierz<\/a><\/div>\n\n\n\n<div class=\"wp-block-file\"><a id=\"wp-block-file--media-4c05d80f-e3dd-4d7a-a7ac-825eee0fbdae\" href=\"http:\/\/stasziczawiercie.pl\/wp-content\/uploads\/2023\/08\/Regulamin-uczestnictwa-uczniow-w-projekcie.docx\">Regulamin-uczestnictwa-uczniow-w-projekcie<\/a><a href=\"http:\/\/stasziczawiercie.pl\/wp-content\/uploads\/2023\/08\/Regulamin-uczestnictwa-uczniow-w-projekcie.docx\" class=\"wp-block-file__button wp-element-button\" download aria-describedby=\"wp-block-file--media-4c05d80f-e3dd-4d7a-a7ac-825eee0fbdae\">Pobierz<\/a><\/div>\n\n\n\n<div class=\"wp-block-file\"><a id=\"wp-block-file--media-25ecf7b5-d5c1-4b90-86ab-b390ac636113\" href=\"http:\/\/stasziczawiercie.pl\/wp-content\/uploads\/2023\/08\/Tabela-2.-organizacja-stazu_uczestnicy-organizacji.docx\">Tabela-2.-organizacja-stazu_uczestnicy-organizacji<\/a><a href=\"http:\/\/stasziczawiercie.pl\/wp-content\/uploads\/2023\/08\/Tabela-2.-organizacja-stazu_uczestnicy-organizacji.docx\" class=\"wp-block-file__button wp-element-button\" download aria-describedby=\"wp-block-file--media-25ecf7b5-d5c1-4b90-86ab-b390ac636113\">Pobierz<\/a><\/div>\n\n\n\n<div class=\"wp-block-file\"><a id=\"wp-block-file--media-c6067ed6-b496-4683-8b7a-4be3b526e3ee\" href=\"http:\/\/stasziczawiercie.pl\/wp-content\/uploads\/2023\/08\/Zal.1-do-Regulaminu-pn.-Formularz-rekrutacyjny-do-projektu_kolor.docx\">Zal.1-do-Regulaminu-pn.-Formularz-rekrutacyjny-do-projektu_kolor<\/a><a href=\"http:\/\/stasziczawiercie.pl\/wp-content\/uploads\/2023\/08\/Zal.1-do-Regulaminu-pn.-Formularz-rekrutacyjny-do-projektu_kolor.docx\" class=\"wp-block-file__button wp-element-button\" download aria-describedby=\"wp-block-file--media-c6067ed6-b496-4683-8b7a-4be3b526e3ee\">Pobierz<\/a><\/div>\n\n\n\n<div class=\"wp-block-file\"><a id=\"wp-block-file--media-de88b811-c549-4c7f-a67e-e6f4283a41de\" href=\"http:\/\/stasziczawiercie.pl\/wp-content\/uploads\/2023\/08\/Zal.1-do-Regulaminu-pn.-Formularz-rekrutacyjny-do-projektu_MONO-1.docx\">Zal.1-do-Regulaminu-pn.-Formularz-rekrutacyjny-do-projektu_MONO-1<\/a><a href=\"http:\/\/stasziczawiercie.pl\/wp-content\/uploads\/2023\/08\/Zal.1-do-Regulaminu-pn.-Formularz-rekrutacyjny-do-projektu_MONO-1.docx\" class=\"wp-block-file__button wp-element-button\" download aria-describedby=\"wp-block-file--media-de88b811-c549-4c7f-a67e-e6f4283a41de\">Pobierz<\/a><\/div>\n\n\n\n<div class=\"wp-block-file\"><a id=\"wp-block-file--media-44ae5427-ee8b-4fc5-85bc-cf5353789400\" href=\"http:\/\/stasziczawiercie.pl\/wp-content\/uploads\/2023\/08\/Zal.2-do-Regulaminu_OSWIADCZENIE-UCZESTNIKA-PROJEKTU_kolor.docx\">Zal.2-do-Regulaminu_OSWIADCZENIE-UCZESTNIKA-PROJEKTU_kolor<\/a><a href=\"http:\/\/stasziczawiercie.pl\/wp-content\/uploads\/2023\/08\/Zal.2-do-Regulaminu_OSWIADCZENIE-UCZESTNIKA-PROJEKTU_kolor.docx\" class=\"wp-block-file__button wp-element-button\" download aria-describedby=\"wp-block-file--media-44ae5427-ee8b-4fc5-85bc-cf5353789400\">Pobierz<\/a><\/div>\n\n\n\n<div class=\"wp-block-file\"><a id=\"wp-block-file--media-465def50-a927-449a-ab6a-ecc42f17e6f3\" href=\"http:\/\/stasziczawiercie.pl\/wp-content\/uploads\/2023\/08\/Zal.3-do-Regulaminu_Wykaz-szkol-i-branz.docx\">Zal.3-do-Regulaminu_Wykaz-szkol-i-branz<\/a><a href=\"http:\/\/stasziczawiercie.pl\/wp-content\/uploads\/2023\/08\/Zal.3-do-Regulaminu_Wykaz-szkol-i-branz.docx\" class=\"wp-block-file__button wp-element-button\" download aria-describedby=\"wp-block-file--media-465def50-a927-449a-ab6a-ecc42f17e6f3\">Pobierz<\/a><\/div>\n\n\n\n<div class=\"wp-block-file\"><a id=\"wp-block-file--media-648e4d06-67b9-4f1b-adc8-0ff29afcbc69\" href=\"http:\/\/stasziczawiercie.pl\/wp-content\/uploads\/2023\/08\/Plakat-projektu-oznaczenie-realizacji.pptx\">Plakat-projektu-oznaczenie-realizacji<\/a><a href=\"http:\/\/stasziczawiercie.pl\/wp-content\/uploads\/2023\/08\/Plakat-projektu-oznaczenie-realizacji.pptx\" class=\"wp-block-file__button wp-element-button\" download aria-describedby=\"wp-block-file--media-648e4d06-67b9-4f1b-adc8-0ff29afcbc69\">Pobierz<\/a><\/div>\n\n\n\n<div data-wp-interactive=\"core\/file\" class=\"wp-block-file\"><object data-wp-bind--hidden=\"!state.hasPdfPreview\" hidden class=\"wp-block-file__embed\" data=\"http:\/\/stasziczawiercie.pl\/wp-content\/uploads\/2023\/08\/Regulamin-uczestnictwa-uczniow-w-projekcie-3.pdf\" type=\"application\/pdf\" style=\"width:100%;height:600px\" aria-label=\"Embed of Regulamin-uczestnictwa-uczniow-w-projekcie-3.\"><\/object><a id=\"wp-block-file--media-01da62c0-2fd2-48e5-a038-557669405ee3\" href=\"http:\/\/stasziczawiercie.pl\/wp-content\/uploads\/2023\/08\/Regulamin-uczestnictwa-uczniow-w-projekcie-3.pdf\">Regulamin-uczestnictwa-uczniow-w-projekcie-3<\/a><a href=\"http:\/\/stasziczawiercie.pl\/wp-content\/uploads\/2023\/08\/Regulamin-uczestnictwa-uczniow-w-projekcie-3.pdf\" class=\"wp-block-file__button wp-element-button\" download aria-describedby=\"wp-block-file--media-01da62c0-2fd2-48e5-a038-557669405ee3\">Pobierz<\/a><\/div>\n\n\n\n<div data-wp-interactive=\"core\/file\" class=\"wp-block-file\"><object data-wp-bind--hidden=\"!state.hasPdfPreview\" hidden class=\"wp-block-file__embed\" data=\"http:\/\/stasziczawiercie.pl\/wp-content\/uploads\/2023\/08\/Zal.1-do-Regulaminu-pn.-Formularz-rekrutacyjny-do-projektu_MONO.pdf\" type=\"application\/pdf\" style=\"width:100%;height:600px\" aria-label=\"Embed of Zal.1-do-Regulaminu-pn.-Formularz-rekrutacyjny-do-projektu_MONO.\"><\/object><a id=\"wp-block-file--media-148d76e0-28ec-47b9-8fce-ff9f176dcc6f\" href=\"http:\/\/stasziczawiercie.pl\/wp-content\/uploads\/2023\/08\/Zal.1-do-Regulaminu-pn.-Formularz-rekrutacyjny-do-projektu_MONO.pdf\">Zal.1-do-Regulaminu-pn.-Formularz-rekrutacyjny-do-projektu_MONO<\/a><a href=\"http:\/\/stasziczawiercie.pl\/wp-content\/uploads\/2023\/08\/Zal.1-do-Regulaminu-pn.-Formularz-rekrutacyjny-do-projektu_MONO.pdf\" class=\"wp-block-file__button wp-element-button\" download aria-describedby=\"wp-block-file--media-148d76e0-28ec-47b9-8fce-ff9f176dcc6f\">Pobierz<\/a><\/div>\n\n\n\n<div data-wp-interactive=\"core\/file\" class=\"wp-block-file\"><object data-wp-bind--hidden=\"!state.hasPdfPreview\" hidden class=\"wp-block-file__embed\" data=\"http:\/\/stasziczawiercie.pl\/wp-content\/uploads\/2023\/08\/Zal.2-do-Regulaminu_OSWIADCZENIE-UCZESTNIKA-PROJEKTU_MONO.pdf\" type=\"application\/pdf\" style=\"width:100%;height:600px\" aria-label=\"Embed of Zal.2-do-Regulaminu_OSWIADCZENIE-UCZESTNIKA-PROJEKTU_MONO.\"><\/object><a id=\"wp-block-file--media-3a6e8934-cf10-40e7-a050-83b19ca13810\" href=\"http:\/\/stasziczawiercie.pl\/wp-content\/uploads\/2023\/08\/Zal.2-do-Regulaminu_OSWIADCZENIE-UCZESTNIKA-PROJEKTU_MONO.pdf\">Zal.2-do-Regulaminu_OSWIADCZENIE-UCZESTNIKA-PROJEKTU_MONO<\/a><a href=\"http:\/\/stasziczawiercie.pl\/wp-content\/uploads\/2023\/08\/Zal.2-do-Regulaminu_OSWIADCZENIE-UCZESTNIKA-PROJEKTU_MONO.pdf\" class=\"wp-block-file__button wp-element-button\" download aria-describedby=\"wp-block-file--media-3a6e8934-cf10-40e7-a050-83b19ca13810\">Pobierz<\/a><\/div>\n\n\n\n<div data-wp-interactive=\"core\/file\" class=\"wp-block-file\"><object data-wp-bind--hidden=\"!state.hasPdfPreview\" hidden class=\"wp-block-file__embed\" data=\"http:\/\/stasziczawiercie.pl\/wp-content\/uploads\/2023\/08\/Zal.3-do-Regulaminu_Wykaz-szkol-i-branz-1.pdf\" type=\"application\/pdf\" style=\"width:100%;height:600px\" aria-label=\"Embed of Zal.3-do-Regulaminu_Wykaz-szkol-i-branz-1.\"><\/object><a id=\"wp-block-file--media-c974b554-1a05-4c5e-b6fc-f03f2cf5f1e1\" href=\"http:\/\/stasziczawiercie.pl\/wp-content\/uploads\/2023\/08\/Zal.3-do-Regulaminu_Wykaz-szkol-i-branz-1.pdf\">Zal.3-do-Regulaminu_Wykaz-szkol-i-branz-1<\/a><a href=\"http:\/\/stasziczawiercie.pl\/wp-content\/uploads\/2023\/08\/Zal.3-do-Regulaminu_Wykaz-szkol-i-branz-1.pdf\" class=\"wp-block-file__button wp-element-button\" download aria-describedby=\"wp-block-file--media-c974b554-1a05-4c5e-b6fc-f03f2cf5f1e1\">Pobierz<\/a><\/div>\n","protected":false},"excerpt":{"rendered":"<p>Informacje og\u00f3lne Podmioty zaanga\u017cowane w realizacj\u0119 projektu Lider projektu \u2013 Urz\u0105d Marsza\u0142kowski Partnerzy \u2013 KSSE S.A.; RIG, Izba Rzemie\u015blnicza oraz<\/p>\n","protected":false},"author":1,"featured_media":0,"parent":0,"menu_order":0,"comment_status":"closed","ping_status":"closed","template":"","meta":{"footnotes":""},"class_list":["post-736","page","type-page","status-publish","hentry"],"_links":{"self":[{"href":"http:\/\/stasziczawiercie.pl\/index.php?rest_route=\/wp\/v2\/pages\/736","targetHints":{"allow":["GET"]}}],"collection":[{"href":"http:\/\/stasziczawiercie.pl\/index.php?rest_route=\/wp\/v2\/pages"}],"about":[{"href":"http:\/\/stasziczawiercie.pl\/index.php?rest_route=\/wp\/v2\/types\/page"}],"author":[{"embeddable":true,"href":"http:\/\/stasziczawiercie.pl\/index.php?rest_route=\/wp\/v2\/users\/1"}],"replies":[{"embeddable":true,"href":"http:\/\/stasziczawiercie.pl\/index.php?rest_route=%2Fwp%2Fv2%2Fcomments&post=736"}],"version-history":[{"count":1,"href":"http:\/\/stasziczawiercie.pl\/index.php?rest_route=\/wp\/v2\/pages\/736\/revisions"}],"predecessor-version":[{"id":757,"href":"http:\/\/stasziczawiercie.pl\/index.php?rest_route=\/wp\/v2\/pages\/736\/revisions\/757"}],"wp:attachment":[{"href":"http:\/\/stasziczawiercie.pl\/index.php?rest_route=%2Fwp%2Fv2%2Fmedia&parent=736"}],"curies":[{"name":"wp","href":"https:\/\/api.w.org\/{rel}","templated":true}]}}