{"id":636,"date":"2023-08-29T09:24:33","date_gmt":"2023-08-29T07:24:33","guid":{"rendered":"http:\/\/stasziczawiercie.pl\/?page_id=636"},"modified":"2023-08-29T09:24:33","modified_gmt":"2023-08-29T07:24:33","slug":"technik-mechanik","status":"publish","type":"page","link":"http:\/\/stasziczawiercie.pl\/?page_id=636","title":{"rendered":"Technik mechanik"},"content":{"rendered":"\n\n<h3 style=\"text-align: center;\">Technik Mechanik<\/h3>\nMG.19. U\u017cytkowanie obrabiarek skrawaj\u0105cych CNC (dawniej\nProgramowanie i obs\u0142uga obrabiarek sterowanych numerycznie)\nMG.44. Organizacja i nadzorowanie proces\u00f3w produkcji maszyn i\nurz\u0105dze\u0144\n\nTechnik mechanik to wysokiej klasy specjalista z zakresu obs\u0142ugi i naprawy, a\ntak\u017ce projektowania i konstruowania urz\u0105dze\u0144 mechanicznych.\nJest to jeden z najcz\u0119\u015bciej poszukiwanych zawod\u00f3w na rynku pracy, dobrze\np\u0142atna praca, profesjonalne przygotowanie na najnowszym sprz\u0119cie oraz\nmo\u017cliwo\u015b\u0107 zdobycia certyfikat\u00f3w potwierdzaj\u0105cych umiej\u0119tno\u015bci CNC &#8211; to atuty tej specjalizacji.\n\nSylwetka absolwenta:\n<ul>\n \t<li>Programuje i obs\u0142uguje obrabiarki CNC,<\/li>\n \t<li>Projektuje i wytwarza cz\u0119\u015bci i zespo\u0142y maszyn i urz\u0105dze\u0144 mechanicznych z wykorzystaniem technik komputerowych CAD\/CAM,<\/li>\n \t<li>Organizuje i nadzoruje produkcj\u0119, monta\u017c, naprawy i konserwacje maszyn i urz\u0105dze\u0144 technicznych,<\/li>\n \t<li>Wykrywa i usuwa przyczyny awarii oraz uszkodze\u0144,<\/li>\n \t<li>Wymienia zu\u017cyte lub uszkodzone elementy lub zespo\u0142y w maszynach i urz\u0105dzeniach.<\/li>\n<\/ul>\nPrzedmiotem zainteresowa\u0144 technika mechanika s\u0105 m. in.:\n<ul>\n \t<li>obrabiarki skrawaj\u0105ce &#8211; konwencjonalne i numeryczne,<\/li>\n \t<li>spawalnictwo i lutownictwo,<\/li>\n \t<li>maszyny do formowania, dozowania,<\/li>\n \t<li>przek\u0142adnie i sprz\u0119g\u0142a,<\/li>\n \t<li>nap\u0119dy i zawory,<\/li>\n \t<li>roboty, manipulatory,<\/li>\n \t<li>aparatura kontrolno &#8211; pomiarowa,<\/li>\n \t<li>spr\u0119\u017carki wszelkiego rodzaju, dmuchawy,<\/li>\n \t<li>projektowanie prostych maszyn i przyrz\u0105d\u00f3w technologicznych,<\/li>\n \t<li>przebieg produkcji w zak\u0142adach przemys\u0142u maszynowego.<\/li>\n<\/ul>\nKARIERA ZAWODOWA\n\nAbsolwent mo\u017ce podj\u0105\u0107 dalsz\u0105 nauk\u0119 na uczelni wy\u017cszej, mo\u017ce prowadzi\u0107\nw\u0142asn\u0105 dzia\u0142alno\u015b\u0107 gospodarcz\u0105. Technik mechanik jest poszukiwany do\n\nnast\u0119puj\u0105cych dzia\u0142\u00f3w produkcji:\n\n&nbsp;\n<ul>\n \t<li>technolog produkcji z wykorzystaniem technik programowania<\/li>\n \t<li>elektronicznego,<\/li>\n \t<li>nadz\u00f3r nad urz\u0105dzeniami i maszynami CNC &#8211; dzia\u0142 utrzymania ruchu, programista &#8211; tworzenie program\u00f3w dla obrabiarek, ich sprawdzanie, uruchamianie i nadz\u00f3r,<\/li>\n \t<li>obs\u0142uga i eksploatacja obrabiarek CNC &#8211; operator obrabiarek CNC,<\/li>\n \t<li>dzia\u0142 pomiar\u00f3w &#8211; metrolog, kontroler jako\u015bci,<\/li>\n \t<li>zarz\u0105dzanie zespo\u0142ami produkcji &#8211; kierownik, brygadzista, g\u0142\u00f3wny metrolog.<\/li>\n<\/ul>\nAbsolwenci poza przygotowaniem do wykonywania zawodu s\u0105\n\nprzygotowani tak\u017ce do:\n<ul>\n \t<li>prowadzenia w\u0142asnej dzia\u0142alno\u015bci gospodarczej,<\/li>\n \t<li>skutecznego poruszania si\u0119 w zmieniaj\u0105cym rynku pracy,<\/li>\n \t<li>funkcjonowania w swojej bran\u017cy na rynku zagranicznym.<\/li>\n<\/ul>\n","protected":false},"excerpt":{"rendered":"<p>Technik Mechanik MG.19. U\u017cytkowanie obrabiarek skrawaj\u0105cych CNC (dawniej Programowanie i obs\u0142uga obrabiarek sterowanych numerycznie) MG.44. Organizacja i nadzorowanie proces\u00f3w produkcji<\/p>\n","protected":false},"author":1,"featured_media":0,"parent":0,"menu_order":0,"comment_status":"closed","ping_status":"closed","template":"","meta":{"footnotes":""},"class_list":["post-636","page","type-page","status-publish","hentry"],"_links":{"self":[{"href":"http:\/\/stasziczawiercie.pl\/index.php?rest_route=\/wp\/v2\/pages\/636","targetHints":{"allow":["GET"]}}],"collection":[{"href":"http:\/\/stasziczawiercie.pl\/index.php?rest_route=\/wp\/v2\/pages"}],"about":[{"href":"http:\/\/stasziczawiercie.pl\/index.php?rest_route=\/wp\/v2\/types\/page"}],"author":[{"embeddable":true,"href":"http:\/\/stasziczawiercie.pl\/index.php?rest_route=\/wp\/v2\/users\/1"}],"replies":[{"embeddable":true,"href":"http:\/\/stasziczawiercie.pl\/index.php?rest_route=%2Fwp%2Fv2%2Fcomments&post=636"}],"version-history":[{"count":1,"href":"http:\/\/stasziczawiercie.pl\/index.php?rest_route=\/wp\/v2\/pages\/636\/revisions"}],"predecessor-version":[{"id":637,"href":"http:\/\/stasziczawiercie.pl\/index.php?rest_route=\/wp\/v2\/pages\/636\/revisions\/637"}],"wp:attachment":[{"href":"http:\/\/stasziczawiercie.pl\/index.php?rest_route=%2Fwp%2Fv2%2Fmedia&parent=636"}],"curies":[{"name":"wp","href":"https:\/\/api.w.org\/{rel}","templated":true}]}}