{"id":612,"date":"2023-08-29T09:10:58","date_gmt":"2023-08-29T07:10:58","guid":{"rendered":"http:\/\/stasziczawiercie.pl\/?page_id=612"},"modified":"2025-07-09T15:49:47","modified_gmt":"2025-07-09T13:49:47","slug":"lista-obowiazujacych-podrecznikow","status":"publish","type":"page","link":"http:\/\/stasziczawiercie.pl\/?page_id=612","title":{"rendered":"Lista obowi\u0105zuj\u0105cych podr\u0119cznik\u00f3w"},"content":{"rendered":"\n<div data-wp-interactive=\"core\/file\" class=\"wp-block-file\"><object data-wp-bind--hidden=\"!state.hasPdfPreview\" hidden class=\"wp-block-file__embed\" data=\"http:\/\/stasziczawiercie.pl\/wp-content\/uploads\/2025\/07\/Wykaz-podrecznikow-na-rok-szkolny-2025-2026.pdf\" type=\"application\/pdf\" style=\"width:100%;height:600px\" aria-label=\"Embed of Wykaz podr\u0119cznik\u00f3w na rok szkolny 2025 2026.\"><\/object><a id=\"wp-block-file--media-f0b348e8-d8e5-4de3-98e2-c4a7695cb945\" href=\"http:\/\/stasziczawiercie.pl\/wp-content\/uploads\/2025\/07\/Wykaz-podrecznikow-na-rok-szkolny-2025-2026.pdf\">Wykaz podr\u0119cznik\u00f3w na rok szkolny 2025 2026<\/a><a href=\"http:\/\/stasziczawiercie.pl\/wp-content\/uploads\/2025\/07\/Wykaz-podrecznikow-na-rok-szkolny-2025-2026.pdf\" class=\"wp-block-file__button wp-element-button\" download aria-describedby=\"wp-block-file--media-f0b348e8-d8e5-4de3-98e2-c4a7695cb945\">Pobierz<\/a><\/div>\n\n\n\n<div class=\"wp-block-file\"><a id=\"wp-block-file--media-37a9b377-1a32-4d3e-a9b6-a09bd21b7318\" href=\"http:\/\/stasziczawiercie.pl\/wp-content\/uploads\/2025\/07\/Wykaz-podrecznikow-na-rok-szkolny-2025-2026.docx\">Wykaz podr\u0119cznik\u00f3w na rok szkolny 2025 2026<\/a><a href=\"http:\/\/stasziczawiercie.pl\/wp-content\/uploads\/2025\/07\/Wykaz-podrecznikow-na-rok-szkolny-2025-2026.docx\" class=\"wp-block-file__button wp-element-button\" download aria-describedby=\"wp-block-file--media-37a9b377-1a32-4d3e-a9b6-a09bd21b7318\">Pobierz<\/a><\/div>\n","protected":false},"excerpt":{"rendered":"","protected":false},"author":1,"featured_media":0,"parent":0,"menu_order":0,"comment_status":"closed","ping_status":"closed","template":"","meta":{"footnotes":""},"class_list":["post-612","page","type-page","status-publish","hentry"],"_links":{"self":[{"href":"http:\/\/stasziczawiercie.pl\/index.php?rest_route=\/wp\/v2\/pages\/612","targetHints":{"allow":["GET"]}}],"collection":[{"href":"http:\/\/stasziczawiercie.pl\/index.php?rest_route=\/wp\/v2\/pages"}],"about":[{"href":"http:\/\/stasziczawiercie.pl\/index.php?rest_route=\/wp\/v2\/types\/page"}],"author":[{"embeddable":true,"href":"http:\/\/stasziczawiercie.pl\/index.php?rest_route=\/wp\/v2\/users\/1"}],"replies":[{"embeddable":true,"href":"http:\/\/stasziczawiercie.pl\/index.php?rest_route=%2Fwp%2Fv2%2Fcomments&post=612"}],"version-history":[{"count":3,"href":"http:\/\/stasziczawiercie.pl\/index.php?rest_route=\/wp\/v2\/pages\/612\/revisions"}],"predecessor-version":[{"id":2188,"href":"http:\/\/stasziczawiercie.pl\/index.php?rest_route=\/wp\/v2\/pages\/612\/revisions\/2188"}],"wp:attachment":[{"href":"http:\/\/stasziczawiercie.pl\/index.php?rest_route=%2Fwp%2Fv2%2Fmedia&parent=612"}],"curies":[{"name":"wp","href":"https:\/\/api.w.org\/{rel}","templated":true}]}}