{"id":593,"date":"2023-08-29T08:55:48","date_gmt":"2023-08-29T06:55:48","guid":{"rendered":"http:\/\/stasziczawiercie.pl\/?page_id=593"},"modified":"2023-08-29T08:55:48","modified_gmt":"2023-08-29T06:55:48","slug":"kontakt","status":"publish","type":"page","link":"http:\/\/stasziczawiercie.pl\/?page_id=593","title":{"rendered":"Kontakt"},"content":{"rendered":"\n<p class=\"has-text-align-center\">Zesp\u00f3\u0142 Szk\u00f3\u0142<br>im. Stanis\u0142awa Staszica <br>w Zawierciu<\/p>\n\n\n\n<p class=\"has-text-align-center\">ul. Rataja 29<br>42-400 Zawiercie<\/p>\n\n\n\n<p class=\"has-text-align-center\">tel. 032-67-238-82<br>e-mail zstzaw@poczta.onet.pl<\/p>\n","protected":false},"excerpt":{"rendered":"<p>Zesp\u00f3\u0142 Szk\u00f3\u0142im. Stanis\u0142awa Staszica w Zawierciu ul. Rataja 2942-400 Zawiercie tel. 032-67-238-82e-mail zstzaw@poczta.onet.pl<\/p>\n","protected":false},"author":1,"featured_media":0,"parent":0,"menu_order":0,"comment_status":"closed","ping_status":"closed","template":"","meta":{"footnotes":""},"class_list":["post-593","page","type-page","status-publish","hentry"],"_links":{"self":[{"href":"http:\/\/stasziczawiercie.pl\/index.php?rest_route=\/wp\/v2\/pages\/593","targetHints":{"allow":["GET"]}}],"collection":[{"href":"http:\/\/stasziczawiercie.pl\/index.php?rest_route=\/wp\/v2\/pages"}],"about":[{"href":"http:\/\/stasziczawiercie.pl\/index.php?rest_route=\/wp\/v2\/types\/page"}],"author":[{"embeddable":true,"href":"http:\/\/stasziczawiercie.pl\/index.php?rest_route=\/wp\/v2\/users\/1"}],"replies":[{"embeddable":true,"href":"http:\/\/stasziczawiercie.pl\/index.php?rest_route=%2Fwp%2Fv2%2Fcomments&post=593"}],"version-history":[{"count":1,"href":"http:\/\/stasziczawiercie.pl\/index.php?rest_route=\/wp\/v2\/pages\/593\/revisions"}],"predecessor-version":[{"id":594,"href":"http:\/\/stasziczawiercie.pl\/index.php?rest_route=\/wp\/v2\/pages\/593\/revisions\/594"}],"wp:attachment":[{"href":"http:\/\/stasziczawiercie.pl\/index.php?rest_route=%2Fwp%2Fv2%2Fmedia&parent=593"}],"curies":[{"name":"wp","href":"https:\/\/api.w.org\/{rel}","templated":true}]}}